{"id":659,"date":"2023-05-20T23:54:31","date_gmt":"2023-05-20T23:54:31","guid":{"rendered":"https:\/\/casaruralfincalasbotas.com\/?page_id=659"},"modified":"2023-05-21T00:26:13","modified_gmt":"2023-05-21T00:26:13","slug":"sobre-nosotros","status":"publish","type":"page","link":"https:\/\/casaruralfincalasbotas.com\/?page_id=659&lang=es","title":{"rendered":"Sobre nosotros"},"content":{"rendered":"<style>\/*! elementor - v3.13.2 - 11-05-2023 *\/\n.elementor-heading-title{padding:0;margin:0;line-height:1}.elementor-widget-heading .elementor-heading-title[class*=elementor-size-]>a{color:inherit;font-size:inherit;line-height:inherit}.elementor-widget-heading .elementor-heading-title.elementor-size-small{font-size:15px}.elementor-widget-heading .elementor-heading-title.elementor-size-medium{font-size:19px}.elementor-widget-heading .elementor-heading-title.elementor-size-large{font-size:29px}.elementor-widget-heading .elementor-heading-title.elementor-size-xl{font-size:39px}.elementor-widget-heading .elementor-heading-title.elementor-size-xxl{font-size:59px}<\/style>\n<h2>Sobre tus anfitriones<\/h2>\n<p>Somos M\u00f3nica y Roland y somos originarios de Holanda. Antes de montar nuestro bed and breakfast en Finca Las Botas, ambos trabaj\u00e1bamos en el \u00e1mbito sanitario (oncolog\u00eda pedi\u00e1trica y neonatolog\u00eda) y en la educaci\u00f3n infantil.<\/p>\n<p>Despu\u00e9s de muchos a\u00f1os de trabajar por todo el mundo en diferentes pa\u00edses, decidimos establecernos y vivir nuestro sue\u00f1o en Espa\u00f1a. Junto con nuestros dos perros y una variedad de gallinas y patos, comenzamos un proyecto de dos a\u00f1os de restauraci\u00f3n de nuestra finca (l\u00e9ase &#8216;ruina&#8217;) para devolverla al hermoso edificio que merec\u00eda ser.<\/p>\n<p>Reconstruir y cumplir con los est\u00e1ndares modernos present\u00f3 un gran desaf\u00edo, pero estamos orgullosos de haber completado esta fase de nuestro sue\u00f1o espa\u00f1ol y felices de dar los siguientes pasos y compartir esta incre\u00edble finca con nuestros hu\u00e9spedes.<\/p>\n<style>\/*! elementor - v3.13.2 - 11-05-2023 *\/\n.elementor-widget-image{text-align:center}.elementor-widget-image a{display:inline-block}.elementor-widget-image a img[src$=\".svg\"]{width:48px}.elementor-widget-image img{vertical-align:middle;display:inline-block}<\/style>\n<p>\t\t\t\t\t\t\t\t\t\t\t\t<img decoding=\"async\" width=\"1024\" height=\"1024\" src=\"http:\/\/casaruralfincalasbotas.com\/wp-content\/uploads\/2023\/05\/Finca-las-botas-2-1024x1024.png\" alt=\"\" loading=\"lazy\" srcset=\"https:\/\/casaruralfincalasbotas.com\/wp-content\/uploads\/2023\/05\/Finca-las-botas-2-1024x1024.png 1024w, https:\/\/casaruralfincalasbotas.com\/wp-content\/uploads\/2023\/05\/Finca-las-botas-2-300x300.png 300w, https:\/\/casaruralfincalasbotas.com\/wp-content\/uploads\/2023\/05\/Finca-las-botas-2-100x100.png 100w, https:\/\/casaruralfincalasbotas.com\/wp-content\/uploads\/2023\/05\/Finca-las-botas-2-600x600.png 600w, https:\/\/casaruralfincalasbotas.com\/wp-content\/uploads\/2023\/05\/Finca-las-botas-2-150x150.png 150w, https:\/\/casaruralfincalasbotas.com\/wp-content\/uploads\/2023\/05\/Finca-las-botas-2-768x768.png 768w, https:\/\/casaruralfincalasbotas.com\/wp-content\/uploads\/2023\/05\/Finca-las-botas-2.png 1080w\" sizes=\"auto, (max-width: 1024px) 100vw, 1024px\" \/><\/p>\n","protected":false},"excerpt":{"rendered":"<p>Sobre tus anfitriones Somos M\u00f3nica y Roland y somos originarios de Holanda. Antes de montar nuestro bed and breakfast en Finca Las Botas, ambos trabaj\u00e1bamos en el \u00e1mbito sanitario (oncolog\u00eda pedi\u00e1trica y neonatolog\u00eda) y en la educaci\u00f3n infantil. Despu\u00e9s de muchos a\u00f1os de trabajar por todo el mundo en diferentes pa\u00edses, decidimos establecernos y vivir [&hellip;]<\/p>\n","protected":false},"author":1,"featured_media":0,"parent":0,"menu_order":0,"comment_status":"closed","ping_status":"closed","template":"","meta":{"site-sidebar-layout":"no-sidebar","site-content-layout":"page-builder","ast-site-content-layout":"","site-content-style":"default","site-sidebar-style":"default","ast-global-header-display":"","ast-banner-title-visibility":"","ast-main-header-display":"","ast-hfb-above-header-display":"","ast-hfb-below-header-display":"","ast-hfb-mobile-header-display":"","site-post-title":"disabled","ast-breadcrumbs-content":"","ast-featured-img":"disabled","footer-sml-layout":"","theme-transparent-header-meta":"","adv-header-id-meta":"","stick-header-meta":"","header-above-stick-meta":"","header-main-stick-meta":"","header-below-stick-meta":"","astra-migrate-meta-layouts":"default","ast-page-background-enabled":"default","ast-page-background-meta":{"desktop":{"background-color":"var(--ast-global-color-4)","background-image":"","background-repeat":"repeat","background-position":"center center","background-size":"auto","background-attachment":"scroll","background-type":"","background-media":"","overlay-type":"","overlay-color":"","overlay-opacity":"","overlay-gradient":""},"tablet":{"background-color":"","background-image":"","background-repeat":"repeat","background-position":"center center","background-size":"auto","background-attachment":"scroll","background-type":"","background-media":"","overlay-type":"","overlay-color":"","overlay-opacity":"","overlay-gradient":""},"mobile":{"background-color":"","background-image":"","background-repeat":"repeat","background-position":"center center","background-size":"auto","background-attachment":"scroll","background-type":"","background-media":"","overlay-type":"","overlay-color":"","overlay-opacity":"","overlay-gradient":""}},"ast-content-background-meta":{"desktop":{"background-color":"var(--ast-global-color-5)","background-image":"","background-repeat":"repeat","background-position":"center center","background-size":"auto","background-attachment":"scroll","background-type":"","background-media":"","overlay-type":"","overlay-color":"","overlay-opacity":"","overlay-gradient":""},"tablet":{"background-color":"var(--ast-global-color-5)","background-image":"","background-repeat":"repeat","background-position":"center center","background-size":"auto","background-attachment":"scroll","background-type":"","background-media":"","overlay-type":"","overlay-color":"","overlay-opacity":"","overlay-gradient":""},"mobile":{"background-color":"var(--ast-global-color-5)","background-image":"","background-repeat":"repeat","background-position":"center center","background-size":"auto","background-attachment":"scroll","background-type":"","background-media":"","overlay-type":"","overlay-color":"","overlay-opacity":"","overlay-gradient":""}},"footnotes":""},"class_list":["post-659","page","type-page","status-publish","hentry"],"jetpack_sharing_enabled":true,"_links":{"self":[{"href":"https:\/\/casaruralfincalasbotas.com\/index.php?rest_route=\/wp\/v2\/pages\/659","targetHints":{"allow":["GET"]}}],"collection":[{"href":"https:\/\/casaruralfincalasbotas.com\/index.php?rest_route=\/wp\/v2\/pages"}],"about":[{"href":"https:\/\/casaruralfincalasbotas.com\/index.php?rest_route=\/wp\/v2\/types\/page"}],"author":[{"embeddable":true,"href":"https:\/\/casaruralfincalasbotas.com\/index.php?rest_route=\/wp\/v2\/users\/1"}],"replies":[{"embeddable":true,"href":"https:\/\/casaruralfincalasbotas.com\/index.php?rest_route=%2Fwp%2Fv2%2Fcomments&post=659"}],"version-history":[{"count":7,"href":"https:\/\/casaruralfincalasbotas.com\/index.php?rest_route=\/wp\/v2\/pages\/659\/revisions"}],"predecessor-version":[{"id":677,"href":"https:\/\/casaruralfincalasbotas.com\/index.php?rest_route=\/wp\/v2\/pages\/659\/revisions\/677"}],"wp:attachment":[{"href":"https:\/\/casaruralfincalasbotas.com\/index.php?rest_route=%2Fwp%2Fv2%2Fmedia&parent=659"}],"curies":[{"name":"wp","href":"https:\/\/api.w.org\/{rel}","templated":true}]}}