{"id":681,"date":"2023-05-21T00:30:20","date_gmt":"2023-05-21T00:30:20","guid":{"rendered":"https:\/\/casaruralfincalasbotas.com\/?page_id=681"},"modified":"2023-05-28T23:52:39","modified_gmt":"2023-05-28T23:52:39","slug":"cosas-que-hacer","status":"publish","type":"page","link":"https:\/\/casaruralfincalasbotas.com\/?page_id=681&lang=es","title":{"rendered":"Cosas que hacer"},"content":{"rendered":"<link rel=\"stylesheet\" href=\"https:\/\/casaruralfincalasbotas.com\/wp-content\/plugins\/elementor\/assets\/css\/widget-icon-box.min.css\">\n<h5>\n\t\t\t\t\t\tVive una experiencia<br \/>\n\t\t\t\t<\/h5>\n<style>\/*! elementor - v3.13.3 - 28-05-2023 *\/\n.elementor-heading-title{padding:0;margin:0;line-height:1}.elementor-widget-heading .elementor-heading-title[class*=elementor-size-]>a{color:inherit;font-size:inherit;line-height:inherit}.elementor-widget-heading .elementor-heading-title.elementor-size-small{font-size:15px}.elementor-widget-heading .elementor-heading-title.elementor-size-medium{font-size:19px}.elementor-widget-heading .elementor-heading-title.elementor-size-large{font-size:29px}.elementor-widget-heading .elementor-heading-title.elementor-size-xl{font-size:39px}.elementor-widget-heading .elementor-heading-title.elementor-size-xxl{font-size:59px}<\/style>\n<h3>Almansa y alrededores<\/h3>\n<p>El pueblo m\u00e1s cercano a nuestra finca, Almansa se encuentra en el extremo oriental de Castilla-La Mancha, hogar de Don Quijote. Su f\u00e9rtil meseta se encuentra en el coraz\u00f3n de Espa\u00f1a, a unos 100 kil\u00f3metros del mar Mediterr\u00e1neo. La ciudad en s\u00ed est\u00e1 dominada por los restos de su imponente castillo del siglo XIV, pero tiene muchas otras caracter\u00edsticas o m\u00e9ritos hist\u00f3ricos y arquitect\u00f3nicos; se puede llegar f\u00e1cilmente por las carreteras espa\u00f1olas modernas y bien mantenidas desde dentro de Espa\u00f1a y en toda Europa.<\/p>\n<p>Tradicionalmente, el \u00e1rea es conocida por su baja densidad de poblaci\u00f3n, artes y artesan\u00edas, arquitectura hist\u00f3rica y arqueolog\u00eda \u00fanica junto con sus productos agr\u00edcolas. Adem\u00e1s de pastos para animales y olivos, los innumerables productores de vino locales cultivan ampliamente variedades de uva aut\u00f3ctonas robustas como Monastell y Garnacha tintorera, que transforman estas uvas especiales en los vinos m\u00e1s deliciosos.<\/p>\n<style>\/*! elementor-pro - v3.13.2 - 22-05-2023 *\/\n.elementor-gallery__container{min-height:1px}.elementor-gallery-item{position:relative;overflow:hidden;display:block;text-decoration:none;border:solid var(--image-border-width) var(--image-border-color);border-radius:var(--image-border-radius)}.elementor-gallery-item__content,.elementor-gallery-item__overlay{height:100%;width:100%;position:absolute;top:0;left:0}.elementor-gallery-item__overlay{mix-blend-mode:var(--overlay-mix-blend-mode);transition-duration:var(--overlay-transition-duration);transition-property:mix-blend-mode,transform,opacity,background-color}.elementor-gallery-item__image.e-gallery-image{transition-duration:var(--image-transition-duration);transition-property:filter,transform}.elementor-gallery-item__content{display:flex;flex-direction:column;justify-content:var(--content-justify-content,center);align-items:center;text-align:var(--content-text-align);padding:var(--content-padding)}.elementor-gallery-item__content>div{transition-duration:var(--content-transition-duration)}.elementor-gallery-item__content.elementor-gallery--sequenced-animation>div:nth-child(2){transition-delay:calc(var(--content-transition-delay) \/ 3)}.elementor-gallery-item__content.elementor-gallery--sequenced-animation>div:nth-child(3){transition-delay:calc(var(--content-transition-delay) \/ 3 * 2)}.elementor-gallery-item__content.elementor-gallery--sequenced-animation>div:nth-child(4){transition-delay:calc(var(--content-transition-delay) \/ 3 * 3)}.elementor-gallery-item__description{color:var(--description-text-color,#fff);width:100%}.elementor-gallery-item__title{color:var(--title-text-color,#fff);font-weight:700;width:100%}.elementor-gallery__titles-container{display:flex;flex-wrap:wrap;justify-content:var(--titles-container-justify-content,center);margin-bottom:20px}.elementor-gallery__titles-container:not(.e--pointer-framed) .elementor-item:after,.elementor-gallery__titles-container:not(.e--pointer-framed) .elementor-item:before{background-color:var(--galleries-pointer-bg-color-hover)}.elementor-gallery__titles-container:not(.e--pointer-framed) .elementor-item.elementor-item-active:after,.elementor-gallery__titles-container:not(.e--pointer-framed) .elementor-item.elementor-item-active:before{background-color:var(--galleries-pointer-bg-color-active)}.elementor-gallery__titles-container.e--pointer-framed .elementor-item:before{border-color:var(--galleries-pointer-bg-color-hover);border-width:var(--galleries-pointer-border-width)}.elementor-gallery__titles-container.e--pointer-framed .elementor-item:after{border-color:var(--galleries-pointer-bg-color-hover)}.elementor-gallery__titles-container.e--pointer-framed .elementor-item.elementor-item-active:after,.elementor-gallery__titles-container.e--pointer-framed .elementor-item.elementor-item-active:before{border-color:var(--galleries-pointer-bg-color-active)}.elementor-gallery__titles-container.e--pointer-framed.e--animation-draw .elementor-item:before{border-left-width:var(--galleries-pointer-border-width);border-bottom-width:var(--galleries-pointer-border-width);border-right-width:0;border-top-width:0}.elementor-gallery__titles-container.e--pointer-framed.e--animation-draw .elementor-item:after{border-left-width:0;border-bottom-width:0;border-right-width:var(--galleries-pointer-border-width);border-top-width:var(--galleries-pointer-border-width)}.elementor-gallery__titles-container.e--pointer-framed.e--animation-corners .elementor-item:before{border-left-width:var(--galleries-pointer-border-width);border-bottom-width:0;border-right-width:0;border-top-width:var(--galleries-pointer-border-width)}.elementor-gallery__titles-container.e--pointer-framed.e--animation-corners .elementor-item:after{border-left-width:0;border-bottom-width:var(--galleries-pointer-border-width);border-right-width:var(--galleries-pointer-border-width);border-top-width:0}.elementor-gallery__titles-container .e--pointer-double-line .elementor-item:after,.elementor-gallery__titles-container .e--pointer-double-line .elementor-item:before,.elementor-gallery__titles-container .e--pointer-overline .elementor-item:before,.elementor-gallery__titles-container .e--pointer-underline .elementor-item:after{height:var(--galleries-pointer-border-width)}.elementor-gallery-title{--space-between:10px;cursor:pointer;color:#6d7882;font-weight:500;position:relative;padding:7px 14px;transition:all .3s}.elementor-gallery-title--active{color:#495157}.elementor-gallery-title:not(:last-child){margin-right:var(--space-between)}.elementor-gallery-item__title+.elementor-gallery-item__description{margin-top:var(--description-margin-top)}.e-gallery-item.elementor-gallery-item{transition-property:all}.e-gallery-item.elementor-animated-content .elementor-animated-item--enter-from-bottom,.e-gallery-item.elementor-animated-content .elementor-animated-item--enter-from-left,.e-gallery-item.elementor-animated-content .elementor-animated-item--enter-from-right,.e-gallery-item.elementor-animated-content .elementor-animated-item--enter-from-top,.e-gallery-item:focus .elementor-gallery__item-overlay-bg,.e-gallery-item:focus .elementor-gallery__item-overlay-content,.e-gallery-item:focus .elementor-gallery__item-overlay-content__description,.e-gallery-item:focus .elementor-gallery__item-overlay-content__title,.e-gallery-item:hover .elementor-gallery__item-overlay-bg,.e-gallery-item:hover .elementor-gallery__item-overlay-content,.e-gallery-item:hover .elementor-gallery__item-overlay-content__description,.e-gallery-item:hover .elementor-gallery__item-overlay-content__title{opacity:1}a.elementor-item.elementor-gallery-title{color:var(--galleries-title-color-normal)}a.elementor-item.elementor-gallery-title.elementor-item-active,a.elementor-item.elementor-gallery-title.highlighted,a.elementor-item.elementor-gallery-title:focus,a.elementor-item.elementor-gallery-title:hover{color:var(--galleries-title-color-hover)}a.elementor-item.elementor-gallery-title.elementor-item-active{color:var(--gallery-title-color-active)}.e-con-inner>.elementor-widget-gallery,.e-con>.elementor-widget-gallery{width:var(--container-widget-width);--flex-grow:var(--container-widget-flex-grow)}<\/style>\n<p>\t\t\t\t\t\t\t<a href=\"http:\/\/casaruralfincalasbotas.com\/wp-content\/uploads\/2023\/05\/29898_fotonoticia-20221213113319-1920.jpg\" data-elementor-open-lightbox=\"yes\" data-elementor-lightbox-slideshow=\"all-2be897e\" data-elementor-lightbox-title=\"29898_fotonoticia-20221213113319-1920\" data-e-action-hash=\"#elementor-action%3Aaction%3Dlightbox%26settings%3DeyJpZCI6Mzg5LCJ1cmwiOiJodHRwOlwvXC9jYXNhcnVyYWxmaW5jYWxhc2JvdGFzLmNvbVwvd3AtY29udGVudFwvdXBsb2Fkc1wvMjAyM1wvMDVcLzI5ODk4X2ZvdG9ub3RpY2lhLTIwMjIxMjEzMTEzMzE5LTE5MjAuanBnIiwic2xpZGVzaG93IjoiYWxsLTJiZTg5N2UifQ%3D%3D\"><br \/>\n\t\t\t\t\t\t\t\t\t\t\t\t\t\t<\/a><br \/>\n\t\t\t\t\t\t\t<a href=\"http:\/\/casaruralfincalasbotas.com\/wp-content\/uploads\/2023\/05\/EMBAJADA-MORA-scaled.jpg\" data-elementor-open-lightbox=\"yes\" data-elementor-lightbox-slideshow=\"all-2be897e\" data-elementor-lightbox-title=\"EMBAJADA-MORA\" data-e-action-hash=\"#elementor-action%3Aaction%3Dlightbox%26settings%3DeyJpZCI6Mzg4LCJ1cmwiOiJodHRwOlwvXC9jYXNhcnVyYWxmaW5jYWxhc2JvdGFzLmNvbVwvd3AtY29udGVudFwvdXBsb2Fkc1wvMjAyM1wvMDVcL0VNQkFKQURBLU1PUkEtc2NhbGVkLmpwZyIsInNsaWRlc2hvdyI6ImFsbC0yYmU4OTdlIn0%3D\"><br \/>\n\t\t\t\t\t\t\t\t\t\t\t\t\t\t<\/a><br \/>\n\t\t\t\t\t\t\t<a href=\"http:\/\/casaruralfincalasbotas.com\/wp-content\/uploads\/2023\/05\/7F5A09C8-9FA8-B782-BF9D13F5A1B3E4D5.jpg\" data-elementor-open-lightbox=\"yes\" data-elementor-lightbox-slideshow=\"all-2be897e\" data-elementor-lightbox-title=\"7F5A09C8-9FA8-B782-BF9D13F5A1B3E4D5\" data-e-action-hash=\"#elementor-action%3Aaction%3Dlightbox%26settings%3DeyJpZCI6Mzg3LCJ1cmwiOiJodHRwOlwvXC9jYXNhcnVyYWxmaW5jYWxhc2JvdGFzLmNvbVwvd3AtY29udGVudFwvdXBsb2Fkc1wvMjAyM1wvMDVcLzdGNUEwOUM4LTlGQTgtQjc4Mi1CRjlEMTNGNUExQjNFNEQ1LmpwZyIsInNsaWRlc2hvdyI6ImFsbC0yYmU4OTdlIn0%3D\"><br \/>\n\t\t\t\t\t\t\t\t\t\t\t\t\t\t<\/a><br \/>\n\t\t\t\t\t\t\t<a href=\"http:\/\/casaruralfincalasbotas.com\/wp-content\/uploads\/2023\/05\/batalla-de-almansa.jpg\" data-elementor-open-lightbox=\"yes\" data-elementor-lightbox-slideshow=\"all-2be897e\" data-elementor-lightbox-title=\"batalla-de-almansa\" data-e-action-hash=\"#elementor-action%3Aaction%3Dlightbox%26settings%3DeyJpZCI6Mzg2LCJ1cmwiOiJodHRwOlwvXC9jYXNhcnVyYWxmaW5jYWxhc2JvdGFzLmNvbVwvd3AtY29udGVudFwvdXBsb2Fkc1wvMjAyM1wvMDVcL2JhdGFsbGEtZGUtYWxtYW5zYS5qcGciLCJzbGlkZXNob3ciOiJhbGwtMmJlODk3ZSJ9\"><br \/>\n\t\t\t\t\t\t\t\t\t\t\t\t\t\t<\/a><\/p>\n<p>La gente de Almansa y los pueblos de los alrededores hacen un gran esfuerzo por mantener viva su historia y las viejas tradiciones de Espa\u00f1a. Por ejemplo, cada a\u00f1o el 25 de abril se conmemora la Batalla de Almansa en 1707 como punto de inflexi\u00f3n en la Guerra de Sucesi\u00f3n Espa\u00f1ola. A principios de mayo se celebran las famosas fiestas de Moros y Cristianos. Estas festividades marcan un momento importante en la pol\u00edtica europea cuando en 1492 los \u00faltimos l\u00edderes moros se retiraron de Granada y Espa\u00f1a.<\/p>\n<h2>Cosas que hacer<\/h2>\n<style>\/*! elementor - v3.13.3 - 28-05-2023 *\/\n.elementor-widget-divider{--divider-border-style:none;--divider-border-width:1px;--divider-color:#0c0d0e;--divider-icon-size:20px;--divider-element-spacing:10px;--divider-pattern-height:24px;--divider-pattern-size:20px;--divider-pattern-url:none;--divider-pattern-repeat:repeat-x}.elementor-widget-divider .elementor-divider{display:flex}.elementor-widget-divider .elementor-divider__text{font-size:15px;line-height:1;max-width:95%}.elementor-widget-divider .elementor-divider__element{margin:0 var(--divider-element-spacing);flex-shrink:0}.elementor-widget-divider .elementor-icon{font-size:var(--divider-icon-size)}.elementor-widget-divider .elementor-divider-separator{display:flex;margin:0;direction:ltr}.elementor-widget-divider--view-line_icon .elementor-divider-separator,.elementor-widget-divider--view-line_text .elementor-divider-separator{align-items:center}.elementor-widget-divider--view-line_icon .elementor-divider-separator:after,.elementor-widget-divider--view-line_icon .elementor-divider-separator:before,.elementor-widget-divider--view-line_text .elementor-divider-separator:after,.elementor-widget-divider--view-line_text .elementor-divider-separator:before{display:block;content:\"\";border-bottom:0;flex-grow:1;border-top:var(--divider-border-width) var(--divider-border-style) var(--divider-color)}.elementor-widget-divider--element-align-left .elementor-divider .elementor-divider-separator>.elementor-divider__svg:first-of-type{flex-grow:0;flex-shrink:100}.elementor-widget-divider--element-align-left .elementor-divider-separator:before{content:none}.elementor-widget-divider--element-align-left .elementor-divider__element{margin-left:0}.elementor-widget-divider--element-align-right .elementor-divider .elementor-divider-separator>.elementor-divider__svg:last-of-type{flex-grow:0;flex-shrink:100}.elementor-widget-divider--element-align-right .elementor-divider-separator:after{content:none}.elementor-widget-divider--element-align-right .elementor-divider__element{margin-right:0}.elementor-widget-divider:not(.elementor-widget-divider--view-line_text):not(.elementor-widget-divider--view-line_icon) .elementor-divider-separator{border-top:var(--divider-border-width) var(--divider-border-style) var(--divider-color)}.elementor-widget-divider--separator-type-pattern{--divider-border-style:none}.elementor-widget-divider--separator-type-pattern.elementor-widget-divider--view-line .elementor-divider-separator,.elementor-widget-divider--separator-type-pattern:not(.elementor-widget-divider--view-line) .elementor-divider-separator:after,.elementor-widget-divider--separator-type-pattern:not(.elementor-widget-divider--view-line) .elementor-divider-separator:before,.elementor-widget-divider--separator-type-pattern:not([class*=elementor-widget-divider--view]) .elementor-divider-separator{width:100%;min-height:var(--divider-pattern-height);-webkit-mask-size:var(--divider-pattern-size) 100%;mask-size:var(--divider-pattern-size) 100%;-webkit-mask-repeat:var(--divider-pattern-repeat);mask-repeat:var(--divider-pattern-repeat);background-color:var(--divider-color);-webkit-mask-image:var(--divider-pattern-url);mask-image:var(--divider-pattern-url)}.elementor-widget-divider--no-spacing{--divider-pattern-size:auto}.elementor-widget-divider--bg-round{--divider-pattern-repeat:round}.rtl .elementor-widget-divider .elementor-divider__text{direction:rtl}.e-con-inner>.elementor-widget-divider,.e-con>.elementor-widget-divider{width:var(--container-widget-width,100%);--flex-grow:var(--container-widget-flex-grow)}<\/style>\n<style>\/*! elementor - v3.13.3 - 28-05-2023 *\/\n.elementor-widget-image-carousel .swiper,.elementor-widget-image-carousel .swiper-container{position:static}.elementor-widget-image-carousel .swiper-container .swiper-slide figure,.elementor-widget-image-carousel .swiper .swiper-slide figure{line-height:inherit}.elementor-widget-image-carousel .swiper-slide{text-align:center}.elementor-image-carousel-wrapper:not(.swiper-container-initialized):not(.swiper-initialized) .swiper-slide{max-width:calc(100% \/ var(--e-image-carousel-slides-to-show, 3))}<\/style>\n<figure><img decoding=\"async\" src=\"http:\/\/casaruralfincalasbotas.com\/wp-content\/uploads\/2023\/05\/2-e1684106449435.jpg\" alt=\"2\" \/><\/figure>\n<figure><img decoding=\"async\" src=\"http:\/\/casaruralfincalasbotas.com\/wp-content\/uploads\/2023\/05\/3-e1684106424798.jpg\" alt=\"3\" \/><\/figure>\n<figure><img decoding=\"async\" src=\"http:\/\/casaruralfincalasbotas.com\/wp-content\/uploads\/2023\/05\/1-e1684106474300.jpg\" alt=\"1\" \/><\/figure>\n<figure><img decoding=\"async\" src=\"http:\/\/casaruralfincalasbotas.com\/wp-content\/uploads\/2023\/05\/4-e1684106492134.jpg\" alt=\"4\" \/><\/figure>\n<figure><img decoding=\"async\" src=\"http:\/\/casaruralfincalasbotas.com\/wp-content\/uploads\/2023\/05\/Finca-las-botas-e1684106530137.png\" alt=\"Finca las botas\" \/><\/figure>\n<figure><img decoding=\"async\" src=\"http:\/\/casaruralfincalasbotas.com\/wp-content\/uploads\/2023\/05\/5-e1684106511906.jpg\" alt=\"5\" \/><\/figure>\n<p>\t\t\t\t\t\t\t\t\t\t\t\tPrevious image<br \/>\n\t\t\t\t\t\t\t\t\t\t\t\tNext image<\/p>\n<style>\/*! elementor-pro - v3.13.2 - 22-05-2023 *\/\n.elementor-slides .swiper-slide-bg{background-size:cover;background-position:50%;background-repeat:no-repeat;min-width:100%;min-height:100%}.elementor-slides .swiper-slide-inner{background-repeat:no-repeat;background-position:50%;position:absolute;top:0;left:0;bottom:0;right:0;padding:50px;margin:auto}.elementor-slides .swiper-slide-inner,.elementor-slides .swiper-slide-inner:hover{color:#fff;display:flex}.elementor-slides .swiper-slide-inner .elementor-background-overlay{position:absolute;z-index:0;top:0;bottom:0;left:0;right:0}.elementor-slides .swiper-slide-inner .elementor-slide-content{position:relative;z-index:1;width:100%}.elementor-slides .swiper-slide-inner .elementor-slide-heading{font-size:35px;font-weight:700;line-height:1}.elementor-slides .swiper-slide-inner .elementor-slide-description{font-size:17px;line-height:1.4}.elementor-slides .swiper-slide-inner .elementor-slide-description:not(:last-child),.elementor-slides .swiper-slide-inner .elementor-slide-heading:not(:last-child){margin-bottom:30px}.elementor-slides .swiper-slide-inner .elementor-slide-button{border:2px solid #fff;color:#fff;background:transparent;display:inline-block}.elementor-slides .swiper-slide-inner .elementor-slide-button,.elementor-slides .swiper-slide-inner .elementor-slide-button:hover{background:transparent;color:inherit;text-decoration:none}.elementor--v-position-top .swiper-slide-inner{align-items:flex-start}.elementor--v-position-bottom .swiper-slide-inner{align-items:flex-end}.elementor--v-position-middle .swiper-slide-inner{align-items:center}.elementor--h-position-left .swiper-slide-inner{justify-content:flex-start}.elementor--h-position-right .swiper-slide-inner{justify-content:flex-end}.elementor--h-position-center .swiper-slide-inner{justify-content:center}body.rtl .elementor-widget-slides .elementor-swiper-button-next{left:10px;right:auto}body.rtl .elementor-widget-slides .elementor-swiper-button-prev{right:10px;left:auto}.elementor-slides-wrapper div:not(.swiper-slide)>.swiper-slide-inner{display:none}@media (max-width:767px){.elementor-slides .swiper-slide-inner{padding:30px}.elementor-slides .swiper-slide-inner .elementor-slide-heading{font-size:23px;line-height:1;margin-bottom:15px}.elementor-slides .swiper-slide-inner .elementor-slide-description{font-size:13px;line-height:1.4;margin-bottom:15px}}<\/style>\n<p>\t\t\t\t\t\t\t\t\t\tRuta del vinoAdyacente a nuestra finca se encuentra Bodega Matamangos. Esta es una bodega \u00fanica propiedad de nuestro vecino se\u00f1or Carlos que est\u00e1 produciendo un vino org\u00e1nico de calidad. Para los hu\u00e9spedes interesados en la elaboraci\u00f3n del vino, se pueden organizar visitas a su bodega y son muy recomendables.Sitio culturalesLa regi\u00f3n de Castilla-La Mancha en la que se encuentra nuestra finca es el escenario inspirador de las historias de Don Quijote de La Mancha. Aunque la historia cultural del \u00e1rea se remonta a los primeros tiempos de la humanidad, con varios sitios que tienen ejemplos de arte rupestre prehist\u00f3rico que se pueden visitar en el \u00e1rea.Pantano de AlmansaOriginalmente construido a finales del siglo XVI Pantano de Almansa es uno de los embalses m\u00e1s antiguos de Europa y est\u00e1 a unos 10 minutos de la finca. Aunque originalmente se desarroll\u00f3 para almacenar agua para el riego cercano, ahora tambi\u00e9n se usa ampliamente para actividades recreativas como deportes acu\u00e1ticos (meses de verano), paseos por la naturaleza y diversi\u00f3n familiar.Fotograf\u00edaCada estaci\u00f3n y cada lugar crea sus propios momentos y recuerdos \u00fanicos. Las oportunidades fotogr\u00e1ficas, ya sea alrededor de la finca, en el lago Pantano o en el pueblo de Almansa, pueden capturar estos momentos como un recuerdo para siempre. Debido a la baja contaminaci\u00f3n lum\u00ednica en el \u00e1rea, incluso la &#8220;V\u00eda L\u00e1ctea&#8221; y otras caracter\u00edsticas astrol\u00f3gicas del cielo nocturno pueden ser visibles para que los fot\u00f3grafos las capturen.Paseo y senderismoEn las proximidades de nuestra finca hay varias caminatas establecidas listas para disfrutar. La monta\u00f1a &#8216;Mekka&#8217; es un excelente punto de partida para algunas de las mejores caminatas.Pastoreando\u00danase a nuestro &#8220;pastor&#8221; local y sus perros (perros) mientras \u00e9l pastorea sus ovejas y cabras y explora la singularidad del paisaje de Las Botas. Termina el recorrido con un picnic para apreciar plenamente esta forma de vida y paisaje.<br \/>\n\t\t\t\t\t\t\t\t\t\t\t\t\t\tPrevious slide<br \/>\n\t\t\t\t\t\t\t\t\t\t\t\t\t\tNext slide<\/p>\n<h2>Desc\u00e1rgate el PDF para conocer toda la informaci\u00f3n y cosas que hacer<\/h2>\n<p>\t\t\t<a href=\"http:\/\/casaruralfincalasbotas.com\/wp-content\/uploads\/2023\/05\/Espanol.pdf\" target=\"_blank\" role=\"button\" rel=\"noopener\"><br \/>\n\t\t\t\t\t\tPDF  espa\u00f1ol<br \/>\n\t\t\t\t\t<\/a><br \/>\n\t\t\t<a href=\"http:\/\/casaruralfincalasbotas.com\/wp-content\/uploads\/2023\/05\/English.pdf\" target=\"_blank\" role=\"button\" rel=\"noopener\"><br \/>\n\t\t\t\t\t\tEnglish PDF<br \/>\n\t\t\t\t\t<\/a><br \/>\n\t\t\t<a href=\"http:\/\/casaruralfincalasbotas.com\/wp-content\/uploads\/2023\/05\/Dutch.pdf\" target=\"_blank\" role=\"button\" rel=\"noopener\"><br \/>\n\t\t\t\t\t\tDutch PDF<br \/>\n\t\t\t\t\t<\/a><\/p>\n","protected":false},"excerpt":{"rendered":"<p>Vive una experiencia Almansa y alrededores El pueblo m\u00e1s cercano a nuestra finca, Almansa se encuentra en el extremo oriental de Castilla-La Mancha, hogar de Don Quijote. Su f\u00e9rtil meseta se encuentra en el coraz\u00f3n de Espa\u00f1a, a unos 100 kil\u00f3metros del mar Mediterr\u00e1neo. La ciudad en s\u00ed est\u00e1 dominada por los restos de su [&hellip;]<\/p>\n","protected":false},"author":1,"featured_media":0,"parent":0,"menu_order":0,"comment_status":"closed","ping_status":"closed","template":"","meta":{"site-sidebar-layout":"no-sidebar","site-content-layout":"page-builder","ast-site-content-layout":"","site-content-style":"default","site-sidebar-style":"default","ast-global-header-display":"","ast-banner-title-visibility":"","ast-main-header-display":"","ast-hfb-above-header-display":"","ast-hfb-below-header-display":"","ast-hfb-mobile-header-display":"","site-post-title":"disabled","ast-breadcrumbs-content":"","ast-featured-img":"disabled","footer-sml-layout":"","theme-transparent-header-meta":"","adv-header-id-meta":"","stick-header-meta":"","header-above-stick-meta":"","header-main-stick-meta":"","header-below-stick-meta":"","astra-migrate-meta-layouts":"default","ast-page-background-enabled":"default","ast-page-background-meta":{"desktop":{"background-color":"var(--ast-global-color-4)","background-image":"","background-repeat":"repeat","background-position":"center center","background-size":"auto","background-attachment":"scroll","background-type":"","background-media":"","overlay-type":"","overlay-color":"","overlay-opacity":"","overlay-gradient":""},"tablet":{"background-color":"","background-image":"","background-repeat":"repeat","background-position":"center center","background-size":"auto","background-attachment":"scroll","background-type":"","background-media":"","overlay-type":"","overlay-color":"","overlay-opacity":"","overlay-gradient":""},"mobile":{"background-color":"","background-image":"","background-repeat":"repeat","background-position":"center center","background-size":"auto","background-attachment":"scroll","background-type":"","background-media":"","overlay-type":"","overlay-color":"","overlay-opacity":"","overlay-gradient":""}},"ast-content-background-meta":{"desktop":{"background-color":"var(--ast-global-color-5)","background-image":"","background-repeat":"repeat","background-position":"center center","background-size":"auto","background-attachment":"scroll","background-type":"","background-media":"","overlay-type":"","overlay-color":"","overlay-opacity":"","overlay-gradient":""},"tablet":{"background-color":"var(--ast-global-color-5)","background-image":"","background-repeat":"repeat","background-position":"center center","background-size":"auto","background-attachment":"scroll","background-type":"","background-media":"","overlay-type":"","overlay-color":"","overlay-opacity":"","overlay-gradient":""},"mobile":{"background-color":"var(--ast-global-color-5)","background-image":"","background-repeat":"repeat","background-position":"center center","background-size":"auto","background-attachment":"scroll","background-type":"","background-media":"","overlay-type":"","overlay-color":"","overlay-opacity":"","overlay-gradient":""}},"footnotes":""},"class_list":["post-681","page","type-page","status-publish","hentry"],"jetpack_sharing_enabled":true,"_links":{"self":[{"href":"https:\/\/casaruralfincalasbotas.com\/index.php?rest_route=\/wp\/v2\/pages\/681","targetHints":{"allow":["GET"]}}],"collection":[{"href":"https:\/\/casaruralfincalasbotas.com\/index.php?rest_route=\/wp\/v2\/pages"}],"about":[{"href":"https:\/\/casaruralfincalasbotas.com\/index.php?rest_route=\/wp\/v2\/types\/page"}],"author":[{"embeddable":true,"href":"https:\/\/casaruralfincalasbotas.com\/index.php?rest_route=\/wp\/v2\/users\/1"}],"replies":[{"embeddable":true,"href":"https:\/\/casaruralfincalasbotas.com\/index.php?rest_route=%2Fwp%2Fv2%2Fcomments&post=681"}],"version-history":[{"count":40,"href":"https:\/\/casaruralfincalasbotas.com\/index.php?rest_route=\/wp\/v2\/pages\/681\/revisions"}],"predecessor-version":[{"id":1260,"href":"https:\/\/casaruralfincalasbotas.com\/index.php?rest_route=\/wp\/v2\/pages\/681\/revisions\/1260"}],"wp:attachment":[{"href":"https:\/\/casaruralfincalasbotas.com\/index.php?rest_route=%2Fwp%2Fv2%2Fmedia&parent=681"}],"curies":[{"name":"wp","href":"https:\/\/api.w.org\/{rel}","templated":true}]}}